{"id":9411,"date":"2024-05-12T13:23:59","date_gmt":"2024-05-12T16:23:59","guid":{"rendered":"http:\/\/messupernouvelles.com\/cookie-policy-br\/"},"modified":"2024-06-06T12:41:07","modified_gmt":"2024-06-06T15:41:07","slug":"politica-de-cookies-br","status":"publish","type":"page","link":"https:\/\/messupernouvelles.com\/es\/politica-de-cookies-br\/","title":{"rendered":"Pol\u00edtica de cookies (BR)"},"content":{"rendered":"La regi\u00f3n BR no est\u00e1 activada para cookie-statement.","protected":false},"excerpt":{"rendered":"","protected":false},"author":1,"featured_media":0,"parent":0,"menu_order":0,"comment_status":"closed","ping_status":"closed","template":"","meta":{"MSN_Categories":"Uncategorized","MSN_Publish_Option":false,"MSN_Is_Local_News":false,"MSN_Is_AIAC_Included":"Empty","MSN_Location":"[]","MSN_Add_Feature_Img_On_Top_Of_Post":false,"MSN_Has_Custom_Author":false,"MSN_Custom_Author":"","MSN_Has_Custom_Canonical_Url":false,"MSN_Custom_Canonical_Url":"","footnotes":""},"class_list":["post-9411","page","type-page","status-publish","hentry"],"_links":{"self":[{"href":"https:\/\/messupernouvelles.com\/es\/wp-json\/wp\/v2\/pages\/9411","targetHints":{"allow":["GET"]}}],"collection":[{"href":"https:\/\/messupernouvelles.com\/es\/wp-json\/wp\/v2\/pages"}],"about":[{"href":"https:\/\/messupernouvelles.com\/es\/wp-json\/wp\/v2\/types\/page"}],"author":[{"embeddable":true,"href":"https:\/\/messupernouvelles.com\/es\/wp-json\/wp\/v2\/users\/1"}],"replies":[{"embeddable":true,"href":"https:\/\/messupernouvelles.com\/es\/wp-json\/wp\/v2\/comments?post=9411"}],"version-history":[{"count":1,"href":"https:\/\/messupernouvelles.com\/es\/wp-json\/wp\/v2\/pages\/9411\/revisions"}],"predecessor-version":[{"id":9763,"href":"https:\/\/messupernouvelles.com\/es\/wp-json\/wp\/v2\/pages\/9411\/revisions\/9763"}],"wp:attachment":[{"href":"https:\/\/messupernouvelles.com\/es\/wp-json\/wp\/v2\/media?parent=9411"}],"curies":[{"name":"wp","href":"https:\/\/api.w.org\/{rel}","templated":true}]}}