{"id":3436,"date":"2019-01-14T14:31:22","date_gmt":"2019-01-14T16:31:22","guid":{"rendered":"http:\/\/messupernouvelles.com\/sobre-nos\/"},"modified":"2024-04-21T10:41:22","modified_gmt":"2024-04-21T13:41:22","slug":"sobre-nos","status":"publish","type":"page","link":"https:\/\/messupernouvelles.com\/pt-br\/sobre-nos\/","title":{"rendered":"Sobre n\u00f3s"},"content":{"rendered":"<div class=\"wpb-content-wrapper\">[vc_row][vc_column width=&#8221;2\/3&#8243;][vc_row_inner][vc_column_inner width=&#8221;1\/2&#8243;]\t<div id=\"thb-image-69f9ece823c0b\" class=\"caption-style1  aligncenter   thb_image_link wp-caption\">\n\t\t\t<div class=\"thb-image-inner size_100\">\n\t\t\t<img loading=\"lazy\" decoding=\"async\" width=\"300\" height=\"300\" src=\"https:\/\/messupernouvelles.com\/wp-content\/uploads\/2024\/04\/MSN_Mes_Super_Nouvelles_Logo_black_rond-300x300.png\" class=\"thb_image   attachment-medium\" alt=\"\" title=\"MSN_Mes_Super_Nouvelles_Logo_black_rond\" srcset=\"https:\/\/messupernouvelles.com\/wp-content\/uploads\/2024\/04\/MSN_Mes_Super_Nouvelles_Logo_black_rond-300x300.png 300w, https:\/\/messupernouvelles.com\/wp-content\/uploads\/2024\/04\/MSN_Mes_Super_Nouvelles_Logo_black_rond-180x180.png 180w, https:\/\/messupernouvelles.com\/wp-content\/uploads\/2024\/04\/MSN_Mes_Super_Nouvelles_Logo_black_rond-90x90.png 90w, https:\/\/messupernouvelles.com\/wp-content\/uploads\/2024\/04\/MSN_Mes_Super_Nouvelles_Logo_black_rond-20x20.png 20w, https:\/\/messupernouvelles.com\/wp-content\/uploads\/2024\/04\/MSN_Mes_Super_Nouvelles_Logo_black_rond-48x48.png 48w\" sizes=\"auto, (max-width: 300px) 100vw, 300px\" \/>\t\t<\/div>\n\t\t\t\t\t<\/div>\n\t[vc_column_text]\n<h5><strong>Everything in life is about you and yourself!<\/strong><\/h5>\n[\/vc_column_text][vc_column_text]\n<h5><strong>How you decide to live your life will make the difference.<\/strong><\/h5>\n[\/vc_column_text][\/vc_column_inner][vc_column_inner width=&#8221;1\/2&#8243;][vc_column_text]\n<h4><strong>We are here too:<\/strong><\/h4>\n[\/vc_column_text]\t<div class=\"thb-iconlist \" id=\"thb-iconlist-69f9ece824666\">\n\t\t<ul>\n\t\t\t\t\t\t\t<li class=\"thb-iconlist-li \">\n\t\t\t\t\t<i class=\"fas fa-long-arrow-alt-right\"><\/i>\n\t\t\t\tDivertir as pessoas.\t\t\t\t<\/li>\n\t\t\t\t\t\t\t<li class=\"thb-iconlist-li \">\n\t\t\t\t\t<i class=\"fas fa-long-arrow-alt-right\"><\/i>\n\t\t\t\tInspirar o crescimento pessoal.\t\t\t\t<\/li>\n\t\t\t\t\t\t\t<li class=\"thb-iconlist-li \">\n\t\t\t\t\t<i class=\"fas fa-long-arrow-alt-right\"><\/i>\n\t\t\t\tServir aqueles que est\u00e3o prontos para receber boas vibra\u00e7\u00f5es.\t\t\t\t<\/li>\n\t\t\t\t\t\t\t<li class=\"thb-iconlist-li \">\n\t\t\t\t\t<i class=\"fas fa-long-arrow-alt-right\"><\/i>\n\t\t\t\tFalar sobre estilo de vida.\t\t\t\t<\/li>\n\t\t\t\t\t\t\t<li class=\"thb-iconlist-li \">\n\t\t\t\t\t<i class=\"fas fa-long-arrow-alt-right\"><\/i>\n\t\t\t\tSugerir novas maneiras de otimizar seu tempo.\t\t\t\t<\/li>\n\t\t\t\t\t\t\t<li class=\"thb-iconlist-li \">\n\t\t\t\t\t<i class=\"fas fa-long-arrow-alt-right\"><\/i>\n\t\t\t\tCompartilhar nossas melhores receitas e dicas de cozinha.\t\t\t\t<\/li>\n\t\t\t\t\t\t\t<li class=\"thb-iconlist-li \">\n\t\t\t\t\t<i class=\"fas fa-long-arrow-alt-right\"><\/i>\n\t\t\t\tAjudar voc\u00ea a obter uma \u00abmens sana in corpore sano\u00bb.\t\t\t\t<\/li>\n\t\t\t\t\t\t\t<li class=\"thb-iconlist-li \">\n\t\t\t\t\t<i class=\"fas fa-long-arrow-alt-right\"><\/i>\n\t\t\t\tTalvez lhe ensinar algo que valha a pena.\t\t\t\t<\/li>\n\t\t\t\t\t\t\t<li class=\"thb-iconlist-li \">\n\t\t\t\t\t<i class=\"fas fa-long-arrow-alt-right\"><\/i>\n\t\t\t\tPromover o amor universal.\t\t\t\t<\/li>\n\t\t\t\t\t\t\t<li class=\"thb-iconlist-li \">\n\t\t\t\t\t<i class=\"fas fa-long-arrow-alt-right\"><\/i>\n\t\t\t\tAproximar voc\u00ea da espiritualidade.\t\t\t\t<\/li>\n\t\t\t\t\t<\/ul>\n\t\t<style>\n\t\t\t\t\t\t\t\t<\/style>\n\t<\/div>\n\t[\/vc_column_inner][\/vc_row_inner][vc_empty_space height=&#8221;52px&#8221;][vc_empty_space height=&#8221;52px&#8221;]\t<div class=\"thb_title  style6  text-center\" id=\"thb-title-69f9ece82477b\">\n\t<div class=\"thb_title_inner\">\n\t\t\t\t\t\t<h2>What is My Super News?<\/h2>\n\t\t\t\t\t<\/div>\n\t\t\t<\/div>\n\t[vc_column_text]\n<p class=\"p2\"><span class=\"s1\">Mes Super Nouvelles est\u00e1 aqui para entreter as pessoas com conte\u00fado positivo, simples e \u00fatil, inspirando o crescimento pessoal.<\/span><\/p>\n<p class=\"p2\"><span class=\"s1\">Queremos ajudar aqueles que vivem r\u00e1pido e amam mais, aqueles que est\u00e3o sempre pronto para receber novas boas energias.<\/span><\/p>\n<p class=\"p2\"><span class=\"s1\">Sabemos que o tempo \u00e9 importante, por isso estamos prontos para sugerir novas maneiras de melhor\u00e1-lo.<\/span><\/p>\n[\/vc_column_text][vc_empty_space height=&#8221;52px&#8221;]\t<div class=\"thb_title  style6  text-center\" id=\"thb-title-69f9ece8247ef\">\n\t<div class=\"thb_title_inner\">\n\t\t\t\t\t\t<h2>Positive, Simple, and Helpful<\/h2>\n\t\t\t\t\t<\/div>\n\t\t\t<\/div>\n\t[vc_column_text]\n<p class=\"p2\"><span class=\"s1\">Everything in life is about you and yourself! How you decide to live your life will make a difference.<span class=\"Apple-converted-space\">\u00a0<\/span><\/span><\/p>\n<p class=\"p2\"><span class=\"s1\">We love talking about a good lifestyle, healthy food, conscious improvement, curiosities, spirituality, discoveries, and everything that can inspire you to live a better life.<\/span><\/p>\n<p class=\"p2\"><span class=\"s1\">We will serve you with trusted, high-quality content from professional editors worldwide.<\/span><\/p>\n[\/vc_column_text][vc_single_image image=&#8221;14351&#8243; img_size=&#8221;full&#8221; alignment=&#8221;center&#8221;][vc_empty_space height=&#8221;52px&#8221;]\t<div class=\"thb_title  style6  text-center\" id=\"thb-title-69f9ece824854\">\n\t<div class=\"thb_title_inner\">\n\t\t\t\t\t\t<h2>Our Team<\/h2>\n\t\t\t\t\t<\/div>\n\t\t\t<\/div>\n\t[vc_widget_sidebar sidebar_id=&#8221;custom_widgets&#8221;][\/vc_column][vc_column width=&#8221;1\/3&#8243;][vc_widget_sidebar sidebar_id=&#8221;page&#8221;][\/vc_column][\/vc_row][vc_row][vc_column width=&#8221;2\/3&#8243;][vc_empty_space height=&#8221;52px&#8221;]\t<div class=\"thb_title  style6  text-center\" id=\"thb-title-69f9ece8248b6\">\n\t<div class=\"thb_title_inner\">\n\t\t\t\t\t\t<h2>Our Location<\/h2>\n\t\t\t\t\t<\/div>\n\t\t\t<\/div>\n\t[vc_column_text].<br \/>\nParis &#8211; France<br \/>\n<img loading=\"lazy\" decoding=\"async\" class=\"alignnone size-large\" src=\"http:\/\/messupernouvelles.com\/wp-content\/plugins\/sitepress-multilingual-cms\/res\/flags\/fr.svg\" width=\"18\" height=\"12\" \/><\/p>\n<p>&nbsp;<\/p>\n<p>For any question, advertising inquiry, suggestions or appeal for help contact us using the e-mail below<\/p>\n<p><a href=\"mailto:info&commat;messupernouvelles&period;com\">[Contact Us]<\/a>[\/vc_column_text][\/vc_column][vc_column width=&#8221;1\/3&#8243;][\/vc_column][\/vc_row][vc_row][vc_column][vc_empty_space][vc_empty_space]\t<div class=\"thb_title  style6  text-center\" id=\"thb-title-69f9ece82491a\">\n\t<div class=\"thb_title_inner\">\n\t\t\t\t\t\t<h2>NOSSOS PARCEIROS<\/h2>\n\t\t\t\t\t<\/div>\n\t\t\t<\/div>\n\t[\/vc_column][\/vc_row][vc_row][vc_column width=&#8221;1\/4&#8243;]\t<div id=\"thb-image-69f9ece82498b\" class=\"caption-style1  aligncenter   thb_image_link wp-caption\">\n\t\t\t<a class=\"\" href=\"https:\/\/confidentielles.com\/\" target=\"_blank\" title=\"Confidentielles\" data-thb-group=\"\">\n\t\t\t<div class=\"thb-image-inner size_100\">\n\t\t\t<img loading=\"lazy\" decoding=\"async\" width=\"150\" height=\"150\" src=\"https:\/\/messupernouvelles.com\/wp-content\/uploads\/2023\/04\/avatar_confidentielles-1-150x150.png\" class=\"thb_image   attachment-thumbnail\" alt=\"\" title=\"avatar_confidentielles\" \/>\t\t<\/div>\n\t\t\t<\/a>\n\t\t\t\t\t<\/div>\n\t[\/vc_column][vc_column width=&#8221;1\/4&#8243;]\t<div id=\"thb-image-69f9ece825264\" class=\"caption-style1  aligncenter   thb_image_link wp-caption\">\n\t\t\t<a class=\"\" href=\"https:\/\/www.facebook.com\/theCatSocietyOfficial\/\" target=\"_blank\" title=\"The Cat Society - English\" data-thb-group=\"\">\n\t\t\t<div class=\"thb-image-inner size_100\">\n\t\t\t<img loading=\"lazy\" decoding=\"async\" width=\"150\" height=\"150\" src=\"https:\/\/messupernouvelles.com\/wp-content\/uploads\/2023\/04\/Avatar_TheCatSociety-1-150x150.png\" class=\"thb_image   attachment-thumbnail\" alt=\"\" title=\"Avatar_TheCatSociety\" srcset=\"https:\/\/messupernouvelles.com\/wp-content\/uploads\/2023\/04\/Avatar_TheCatSociety-1-150x150.png 150w, https:\/\/messupernouvelles.com\/wp-content\/uploads\/2023\/04\/Avatar_TheCatSociety-1-90x90.png 90w, https:\/\/messupernouvelles.com\/wp-content\/uploads\/2023\/04\/Avatar_TheCatSociety-1-20x20.png 20w, https:\/\/messupernouvelles.com\/wp-content\/uploads\/2023\/04\/Avatar_TheCatSociety-1-48x48.png 48w\" sizes=\"auto, (max-width: 150px) 100vw, 150px\" \/>\t\t<\/div>\n\t\t\t<\/a>\n\t\t\t\t\t<\/div>\n\t[\/vc_column][vc_column width=&#8221;1\/4&#8243;]\t<div id=\"thb-image-69f9ece8259c8\" class=\"caption-style1  aligncenter   thb_image_link wp-caption\">\n\t\t\t<a class=\"\" href=\"https:\/\/www.facebook.com\/TheDiscoveristOfficial\/\" target=\"_blank\" title=\"Tha Discoverist - English\" data-thb-group=\"\">\n\t\t\t<div class=\"thb-image-inner size_100\">\n\t\t\t<img loading=\"lazy\" decoding=\"async\" width=\"150\" height=\"150\" src=\"https:\/\/messupernouvelles.com\/wp-content\/uploads\/2023\/04\/Avatar_TheDiscoverist_v3-150x150.png\" class=\"thb_image   attachment-thumbnail\" alt=\"\" title=\"Avatar_TheDiscoverist_v3\" srcset=\"https:\/\/messupernouvelles.com\/wp-content\/uploads\/2023\/04\/Avatar_TheDiscoverist_v3-150x150.png 150w, https:\/\/messupernouvelles.com\/wp-content\/uploads\/2023\/04\/Avatar_TheDiscoverist_v3-90x90.png 90w, https:\/\/messupernouvelles.com\/wp-content\/uploads\/2023\/04\/Avatar_TheDiscoverist_v3-20x20.png 20w, https:\/\/messupernouvelles.com\/wp-content\/uploads\/2023\/04\/Avatar_TheDiscoverist_v3-48x48.png 48w\" sizes=\"auto, (max-width: 150px) 100vw, 150px\" \/>\t\t<\/div>\n\t\t\t<\/a>\n\t\t\t\t\t<\/div>\n\t[\/vc_column][vc_column width=&#8221;1\/4&#8243;]\t<div id=\"thb-image-69f9ece825fb4\" class=\"caption-style1  aligncenter   thb_image_link wp-caption\">\n\t\t\t<a class=\"\" href=\"https:\/\/www.facebook.com\/JunggleMulher\/\" target=\"_blank\" title=\"Junggle Mulher\" data-thb-group=\"\">\n\t\t\t<div class=\"thb-image-inner size_100\">\n\t\t\t<img loading=\"lazy\" decoding=\"async\" width=\"150\" height=\"150\" src=\"https:\/\/messupernouvelles.com\/wp-content\/uploads\/2023\/04\/Avatar_GoJunggle_v2-150x150.png\" class=\"thb_image   attachment-thumbnail\" alt=\"\" title=\"Avatar_GoJunggle_v2\" srcset=\"https:\/\/messupernouvelles.com\/wp-content\/uploads\/2023\/04\/Avatar_GoJunggle_v2-150x150.png 150w, https:\/\/messupernouvelles.com\/wp-content\/uploads\/2023\/04\/Avatar_GoJunggle_v2-90x90.png 90w, https:\/\/messupernouvelles.com\/wp-content\/uploads\/2023\/04\/Avatar_GoJunggle_v2-20x20.png 20w, https:\/\/messupernouvelles.com\/wp-content\/uploads\/2023\/04\/Avatar_GoJunggle_v2-48x48.png 48w\" sizes=\"auto, (max-width: 150px) 100vw, 150px\" \/>\t\t<\/div>\n\t\t\t<\/a>\n\t\t\t\t\t<\/div>\n\t[\/vc_column][\/vc_row]\n<\/div>","protected":false},"excerpt":{"rendered":"<p>[vc_row][vc_column width=&#8221;2\/3&#8243;][vc_row_inner][vc_column_inner width=&#8221;1\/2&#8243;][vc_column_text] Everything in life is about you and yourself! [\/vc_column_text][vc_column_text] How you decide to live your life will make the difference. [\/vc_column_text][\/vc_column_inner][vc_column_inner width=&#8221;1\/2&#8243;][vc_column_text] We are here too: [\/vc_column_text][\/vc_column_inner][\/vc_row_inner][vc_empty_space height=&#8221;52px&#8221;][vc_empty_space height=&#8221;52px&#8221;][vc_column_text] Mes Super Nouvelles est\u00e1 aqui para entreter as pessoas com conte\u00fado positivo, simples e \u00fatil, inspirando o crescimento pessoal. Queremos ajudar aqueles que&hellip;<\/p>\n","protected":false},"author":1,"featured_media":0,"parent":0,"menu_order":0,"comment_status":"closed","ping_status":"closed","template":"","meta":{"MSN_Categories":"Uncategorized","MSN_Publish_Option":false,"MSN_Is_Local_News":false,"MSN_Is_AIAC_Included":"Empty","MSN_Location":"[]","MSN_Add_Feature_Img_On_Top_Of_Post":false,"MSN_Has_Custom_Author":false,"MSN_Custom_Author":"","MSN_Has_Custom_Canonical_Url":false,"MSN_Custom_Canonical_Url":"","footnotes":""},"class_list":["post-3436","page","type-page","status-publish","hentry"],"_links":{"self":[{"href":"https:\/\/messupernouvelles.com\/pt-br\/wp-json\/wp\/v2\/pages\/3436","targetHints":{"allow":["GET"]}}],"collection":[{"href":"https:\/\/messupernouvelles.com\/pt-br\/wp-json\/wp\/v2\/pages"}],"about":[{"href":"https:\/\/messupernouvelles.com\/pt-br\/wp-json\/wp\/v2\/types\/page"}],"author":[{"embeddable":true,"href":"https:\/\/messupernouvelles.com\/pt-br\/wp-json\/wp\/v2\/users\/1"}],"replies":[{"embeddable":true,"href":"https:\/\/messupernouvelles.com\/pt-br\/wp-json\/wp\/v2\/comments?post=3436"}],"version-history":[{"count":55,"href":"https:\/\/messupernouvelles.com\/pt-br\/wp-json\/wp\/v2\/pages\/3436\/revisions"}],"predecessor-version":[{"id":9221,"href":"https:\/\/messupernouvelles.com\/pt-br\/wp-json\/wp\/v2\/pages\/3436\/revisions\/9221"}],"wp:attachment":[{"href":"https:\/\/messupernouvelles.com\/pt-br\/wp-json\/wp\/v2\/media?parent=3436"}],"curies":[{"name":"wp","href":"https:\/\/api.w.org\/{rel}","templated":true}]}}