{"id":8889,"date":"2024-05-12T13:23:59","date_gmt":"2024-05-12T16:23:59","guid":{"rendered":"http:\/\/messupernouvelles.com\/cookie-policy-br\/"},"modified":"2024-05-15T20:09:41","modified_gmt":"2024-05-15T23:09:41","slug":"politica-de-cookies-br","status":"publish","type":"page","link":"https:\/\/messupernouvelles.com\/pt-br\/politica-de-cookies-br\/","title":{"rendered":"Pol\u00edtica de Cookies (BR)"},"content":{"rendered":"Regi\u00e3o BR n\u00e3o ativada para cookie-statement.","protected":false},"excerpt":{"rendered":"","protected":false},"author":1,"featured_media":0,"parent":0,"menu_order":0,"comment_status":"closed","ping_status":"closed","template":"","meta":{"MSN_Categories":"Uncategorized","MSN_Publish_Option":false,"MSN_Is_Local_News":false,"MSN_Is_AIAC_Included":"Empty","MSN_Location":"[]","MSN_Add_Feature_Img_On_Top_Of_Post":false,"MSN_Has_Custom_Author":false,"MSN_Custom_Author":"","MSN_Has_Custom_Canonical_Url":false,"MSN_Custom_Canonical_Url":"","footnotes":""},"class_list":["post-8889","page","type-page","status-publish","hentry"],"_links":{"self":[{"href":"https:\/\/messupernouvelles.com\/pt-br\/wp-json\/wp\/v2\/pages\/8889","targetHints":{"allow":["GET"]}}],"collection":[{"href":"https:\/\/messupernouvelles.com\/pt-br\/wp-json\/wp\/v2\/pages"}],"about":[{"href":"https:\/\/messupernouvelles.com\/pt-br\/wp-json\/wp\/v2\/types\/page"}],"author":[{"embeddable":true,"href":"https:\/\/messupernouvelles.com\/pt-br\/wp-json\/wp\/v2\/users\/1"}],"replies":[{"embeddable":true,"href":"https:\/\/messupernouvelles.com\/pt-br\/wp-json\/wp\/v2\/comments?post=8889"}],"version-history":[{"count":2,"href":"https:\/\/messupernouvelles.com\/pt-br\/wp-json\/wp\/v2\/pages\/8889\/revisions"}],"predecessor-version":[{"id":9166,"href":"https:\/\/messupernouvelles.com\/pt-br\/wp-json\/wp\/v2\/pages\/8889\/revisions\/9166"}],"wp:attachment":[{"href":"https:\/\/messupernouvelles.com\/pt-br\/wp-json\/wp\/v2\/media?parent=8889"}],"curies":[{"name":"wp","href":"https:\/\/api.w.org\/{rel}","templated":true}]}}