{"id":8910,"date":"2024-05-12T13:23:59","date_gmt":"2024-05-12T16:23:59","guid":{"rendered":"http:\/\/messupernouvelles.com\/?page_id=8910"},"modified":"2024-05-15T20:07:43","modified_gmt":"2024-05-15T23:07:43","slug":"isencao-de-responsabilidade","status":"publish","type":"page","link":"https:\/\/messupernouvelles.com\/pt-br\/isencao-de-responsabilidade\/","title":{"rendered":"Isen\u00e7\u00e3o de responsabilidade"},"content":{"rendered":"\n<!-- Legal document generated by Complianz | GDPR\/CCPA Cookie Consent https:\/\/wordpress.org\/plugins\/complianz-gdpr -->\n<div id=\"cmplz-document\" class=\"cmplz-document disclaimer cmplz-document-all\"><p>Cynthia Montserrat Marquez Reynoso &#8211; SIRET 84441714700015 tem o compromisso de manter este site atualizado e preciso. Se, no entanto, voc\u00ea encontrar algo que esteja incorreto ou desatualizado, agradecer\u00edamos se pudesse nos informar. Indique onde voc\u00ea leu as informa\u00e7\u00f5es no site. Em seguida, examinaremos o mais r\u00e1pido poss\u00edvel. Envie sua resposta por e-mail para: <span class=\"cmplz-obfuscate\">info@<span class=\"cmplz-fmail-domain\">&#101;&#120;.c&#111;m<\/span>mess&#117;p&#101;r&#110;&#111;&#117;&#118;&#101;l&#108;e&#115;.&#099;&#111;m<\/span>.<\/p><p>N\u00e3o nos responsabilizamos por perdas resultantes de imprecis\u00f5es ou incompletudes, nem por perdas causadas por ou inerentes \u00e0 divulga\u00e7\u00e3o de informa\u00e7\u00f5es pela internet, como perturba\u00e7\u00f5es ou interrup\u00e7\u00f5es. Ao usar formul\u00e1rios da web, nos esfor\u00e7amos para limitar ao m\u00ednimo o n\u00famero de campos obrigat\u00f3rios. Por qualquer perda sofrida como resultado do uso de dados, conselhos ou ideias fornecidos por ou em nome de Cynthia Montserrat Marquez Reynoso &#8211; SIRET 84441714700015 atrav\u00e9s deste site, Cynthia Montserrat Marquez Reynoso &#8211; SIRET 84441714700015 n\u00e3o se responsabiliza.<\/p><p>O uso do site e de todos os seus componentes (incluindo f\u00f3runs) est\u00e1 sujeito aos <a href=\"http:\/\/messupernouvelles.com\/termes-et-conditions\/\" target=\"_blank\">termos de uso<\/a>. A simples utiliza\u00e7\u00e3o deste site implica no conhecimento e aceita\u00e7\u00e3o destes termos de uso.<\/p><p>Respostas e consultas de privacidade enviadas por e-mail ou usando um formul\u00e1rio da web ser\u00e3o tratadas da mesma forma que cartas. Isso significa que voc\u00ea pode esperar uma resposta nossa dentro de um per\u00edodo de no m\u00e1ximo 1 m\u00eas. No caso de solicita\u00e7\u00f5es complexas, iremos inform\u00e1-lo dentro de 1 m\u00eas se precisarmos de no m\u00e1ximo 3 meses.<\/p><p>Quaisquer dados pessoais que voc\u00ea nos fornecer no contexto de sua resposta ou solicita\u00e7\u00e3o de informa\u00e7\u00f5es ser\u00e3o usados apenas de acordo com nossa declara\u00e7\u00e3o de privacidade.<\/p><p>Cynthia Montserrat Marquez Reynoso &#8211; SIRET 84441714700015 n\u00e3o se responsabiliza pelo conte\u00fado dos sites para os quais ou a partir dos quais um hiperlink ou outra refer\u00eancia \u00e9 feita. Os produtos ou servi\u00e7os oferecidos por terceiros est\u00e3o sujeitos aos termos e condi\u00e7\u00f5es aplic\u00e1veis desses terceiros.<\/p><p>Todos os direitos de propriedade intelectual do conte\u00fado deste site pertencem a Cynthia Montserrat Marquez Reynoso &#8211; SIRET 84441714700015.<\/p><p>A c\u00f3pia, dissemina\u00e7\u00e3o e qualquer outro uso desses materiais n\u00e3o s\u00e3o permitidos sem a permiss\u00e3o por escrito de Cynthia Montserrat Marquez Reynoso &#8211; SIRET 84441714700015, exceto e apenas na medida em que estipulado de outra forma nos regulamentos da lei obrigat\u00f3ria (como o direito de citar), a menos que o conte\u00fado espec\u00edfico dite o contr\u00e1rio.<\/p><p>Se voc\u00ea tiver d\u00favidas ou problemas com a acessibilidade do site, n\u00e3o hesite em nos contatar.<\/p><\/div>","protected":false},"excerpt":{"rendered":"","protected":false},"author":1,"featured_media":0,"parent":0,"menu_order":0,"comment_status":"closed","ping_status":"closed","template":"","meta":{"MSN_Categories":"Uncategorized","MSN_Publish_Option":false,"MSN_Is_Local_News":false,"MSN_Is_AIAC_Included":"Empty","MSN_Location":"[]","MSN_Add_Feature_Img_On_Top_Of_Post":false,"MSN_Has_Custom_Author":false,"MSN_Custom_Author":"","MSN_Has_Custom_Canonical_Url":false,"MSN_Custom_Canonical_Url":"","footnotes":""},"class_list":["post-8910","page","type-page","status-publish","hentry"],"_links":{"self":[{"href":"https:\/\/messupernouvelles.com\/pt-br\/wp-json\/wp\/v2\/pages\/8910","targetHints":{"allow":["GET"]}}],"collection":[{"href":"https:\/\/messupernouvelles.com\/pt-br\/wp-json\/wp\/v2\/pages"}],"about":[{"href":"https:\/\/messupernouvelles.com\/pt-br\/wp-json\/wp\/v2\/types\/page"}],"author":[{"embeddable":true,"href":"https:\/\/messupernouvelles.com\/pt-br\/wp-json\/wp\/v2\/users\/1"}],"replies":[{"embeddable":true,"href":"https:\/\/messupernouvelles.com\/pt-br\/wp-json\/wp\/v2\/comments?post=8910"}],"version-history":[{"count":2,"href":"https:\/\/messupernouvelles.com\/pt-br\/wp-json\/wp\/v2\/pages\/8910\/revisions"}],"predecessor-version":[{"id":9165,"href":"https:\/\/messupernouvelles.com\/pt-br\/wp-json\/wp\/v2\/pages\/8910\/revisions\/9165"}],"wp:attachment":[{"href":"https:\/\/messupernouvelles.com\/pt-br\/wp-json\/wp\/v2\/media?parent=8910"}],"curies":[{"name":"wp","href":"https:\/\/api.w.org\/{rel}","templated":true}]}}