{"id":8920,"date":"2024-05-12T13:23:58","date_gmt":"2024-05-12T16:23:58","guid":{"rendered":"http:\/\/messupernouvelles.com\/?page_id=8920"},"modified":"2024-05-15T20:06:38","modified_gmt":"2024-05-15T23:06:38","slug":"declaracao-de-privacidade-eu","status":"publish","type":"page","link":"https:\/\/messupernouvelles.com\/pt-br\/declaracao-de-privacidade-eu\/","title":{"rendered":"Declara\u00e7\u00e3o de privacidade (EU)"},"content":{"rendered":"\n<!-- Legal document generated by Complianz | GDPR\/CCPA Cookie Consent https:\/\/wordpress.org\/plugins\/complianz-gdpr -->\n<div id=\"cmplz-document\" class=\"cmplz-document privacy-statement cmplz-document-eu\"><p><i>Esta declara\u00e7\u00e3o de privacidade foi atualizada pela \u00faltima vez em 23\/08\/2024 e se aplica aos cidad\u00e3os e residentes legais permanentes do Espa\u00e7o Econ\u00f4mico Europeu e Su\u00ed\u00e7a.<\/i><br \/><br \/><\/p><p><p>Nesta declara\u00e7\u00e3o de privacidade, explicamos o que fazemos com os dados que obtemos sobre voc\u00ea por meio de <a href=\"https:\/\/messupernouvelles.com\/pt-br\/\">https:\/\/messupernouvelles.com\/pt-br\/<\/a>. Recomendamos que voc\u00ea leia atentamente esta declara\u00e7\u00e3o. Em nosso processamento, cumprimos os requisitos da legisla\u00e7\u00e3o de privacidade. Isso significa, entre outras coisas, que:<\/p><ul>\n                <li>declaramos claramente as finalidades para as quais processamos dados pessoais. Fazemos isso por meio desta declara\u00e7\u00e3o de privacidade;<\/li>\n                <li>pretendemos limitar a nossa recolha de dados pessoais apenas aos dados pessoais necess\u00e1rios para fins leg\u00edtimos;<\/li>\n                <li>primeiro solicitamos seu consentimento expl\u00edcito para processar seus dados pessoais nos casos que requerem seu consentimento;<\/li>\n                <li>tomamos medidas de seguran\u00e7a adequadas para proteger seus dados pessoais e tamb\u00e9m exigimos isso de partes que processam dados pessoais em nosso nome;<\/li>\n                <li>respeitamos o seu direito de acessar seus dados pessoais, corrigi-los ou apag\u00e1-los, a seu pedido.<\/li>\n            <\/ul><p>Se voc\u00ea tiver alguma d\u00favida ou quiser saber exatamente quais dados mantemos de voc\u00ea, entre em contato conosco.<\/p><\/p><h2>1. Objetivo, dados e per\u00edodo de reten\u00e7\u00e3o<\/h2>Podemos coletar ou receber informa\u00e7\u00f5es pessoais para v\u00e1rios fins relacionados a nossas opera\u00e7\u00f5es comerciais, que podem incluir o seguinte: (clique para expandir)<details class=\"cmplz-dropdown dropdown-privacy-statement\"><summary><div><h3>1.1 Compilando e analisando estat\u00edsticas para melhoria do site.<\/h3><\/div><\/summary><p class=\"cmplz-subtitle\">Para tanto, usamos os seguintes dados:<\/p><p><ul><li>Dados de geolocaliza\u00e7\u00e3o<\/li><\/ul><\/p><p class=\"cmplz-subtitle\">A base na qual podemos processar esses dados \u00e9:<\/p><p><a target=\"_blank\" rel=\"noopener noreferrer nofollow\" href=\"https:\/\/cookiedatabase.org\/legal-bases\/#consent\">Mediante a concess\u00e3o do consentimento.<\/a><\/p><p class=\"cmplz-subtitle\">Per\u00edodo de reten\u00e7\u00e3o<\/p><p>Retemos esses dados ap\u00f3s o encerramento do servi\u00e7o pelo seguinte n\u00famero de meses: 6<\/p><\/details><h2>2. Cookies<\/h2><p>Para fornecer as melhores experi\u00eancias, n\u00f3s e nossos parceiros usamos tecnologias como cookies para armazenar e\/ou acessar informa\u00e7\u00f5es do dispositivo. Consentir com essas tecnologias permitir\u00e1 que n\u00f3s e nossos parceiros processemos dados pessoais, como comportamento de navega\u00e7\u00e3o ou IDs exclusivos neste site. N\u00e3o consentir ou retirar o consentimento pode afetar adversamente certos recursos e fun\u00e7\u00f5es. Para obter mais informa\u00e7\u00f5es sobre essas tecnologias e parceiros, consulte nossa <a href=\"https:\/\/messupernouvelles.com\/en\/cookie-policy-eu\/\">Pol\u00edtica de Cookies<\/a>.&nbsp;<\/p><h2>3. Pr\u00e1ticas de divulga\u00e7\u00e3o<\/h2><p><p>Divulgamos informa\u00e7\u00f5es pessoais se formos obrigados por lei ou ordem judicial, em resposta a uma ag\u00eancia de aplica\u00e7\u00e3o da lei, na medida permitida por outras disposi\u00e7\u00f5es da lei, para fornecer informa\u00e7\u00f5es ou para uma investiga\u00e7\u00e3o sobre um assunto relacionado \u00e0 seguran\u00e7a p\u00fablica.<\/p><p>Se nosso site ou organiza\u00e7\u00e3o for adquirido, vendido ou envolvido em uma fus\u00e3o ou aquisi\u00e7\u00e3o, seus dados poder\u00e3o ser divulgados aos nossos consultores e a quaisquer compradores em potencial e ser\u00e3o repassados aos novos propriet\u00e1rios.<\/p><\/p><p>Cynthia Montserrat Marquez Reynoso &#8211; SIRET 84441714700015 participa da Estrutura de Transpar\u00eancia e Consentimento do IAB Europe e cumpre suas especifica\u00e7\u00f5es e pol\u00edticas. Ele usa a plataforma de gerenciamento de consentimento com o n\u00famero de identifica\u00e7\u00e3o 332.&nbsp;<\/p><p>Conclu\u00edmos um Acordo de Processamento de dados com o Google.<\/p><p>O Google n\u00e3o pode usar os dados para nenhum outro servi\u00e7o do Google.<\/p><p>A inclus\u00e3o de endere\u00e7os IP completos \u00e9 bloqueada por n\u00f3s.<\/p><h2>4. Seguran\u00e7a<\/h2><p>Estamos comprometidos com a seguran\u00e7a dos dados pessoais. Tomamos medidas de seguran\u00e7a adequadas para limitar o abuso e o acesso n\u00e3o autorizado aos dados pessoais. Isso garante que apenas as pessoas necess\u00e1rias tenham acesso aos seus dados, que o acesso aos dados seja protegido e que nossas medidas de seguran\u00e7a sejam revisadas regularmente.<\/p><h2>5. Sites de terceiros<\/h2><p>Esta declara\u00e7\u00e3o de privacidade n\u00e3o se aplica a sites de terceiros conectados por links em nosso site. N\u00e3o podemos garantir que esses terceiros manuseiem seus dados pessoais de maneira confi\u00e1vel ou segura. Recomendamos que voc\u00ea leia as declara\u00e7\u00f5es de privacidade desses sites antes de fazer uso deles.<\/p><h2>6. Altera\u00e7\u00f5es a esta declara\u00e7\u00e3o de privacidade<\/h2><p>N\u00f3s nos reservamos o direito de fazer altera\u00e7\u00f5es a esta declara\u00e7\u00e3o de privacidade. \u00c9 recomend\u00e1vel que voc\u00ea consulte esta declara\u00e7\u00e3o de privacidade regularmente, a fim de estar ciente de quaisquer altera\u00e7\u00f5es. Al\u00e9m disso, iremos inform\u00e1-lo ativamente sempre que poss\u00edvel.<\/p><h2>7. Acessando e modificando seus dados<\/h2><p>Se voc\u00ea tiver alguma d\u00favida ou quiser saber quais dados pessoais temos sobre voc\u00ea, entre em contato conosco. Voc\u00ea pode nos contatar usando as informa\u00e7\u00f5es abaixo. Voc\u00ea tem os seguintes direitos:<\/p><ul>\n                <li>Voc\u00ea tem o direito de saber por que seus dados pessoais s\u00e3o necess\u00e1rios, o que acontecer\u00e1 com eles e por quanto tempo ser\u00e3o retidos.<\/li>\n                <li>Direito de acesso: voc\u00ea tem o direito de acessar seus dados pessoais que s\u00e3o conhecidos por n\u00f3s.<\/li>\n                <li>Direito \u00e0 retifica\u00e7\u00e3o: voc\u00ea tem o direito de complementar, corrigir, excluir ou bloquear seus dados pessoais sempre que desejar.<\/li>\n                <li>Se nos der o seu consentimento para processar os seus dados, tem o direito de revogar esse consentimento e de ter os seus dados pessoais eliminados.<\/li>\n                <li>Direito de transferir seus dados: voc\u00ea tem o direito de solicitar todos os seus dados pessoais ao controlador e transferi-los integralmente para outro controlador.<\/li>\n                <li>Direito de contestar: voc\u00ea pode se opor ao processamento de seus dados. Cumprimos isso, a menos que haja motivos justificados para o processamento.<\/li>\n            <\/ul><p>Certifique-se de sempre declarar claramente quem voc\u00ea \u00e9, para que possamos ter certeza de que n\u00e3o modificaremos ou excluiremos quaisquer dados da pessoa errada.<\/p><h2>8. Enviando uma reclama\u00e7\u00e3o<\/h2><p>Se n\u00e3o estiver satisfeito com a forma como tratamos (uma reclama\u00e7\u00e3o sobre) o processamento dos seus dados pessoais, tem o direito de apresentar uma reclama\u00e7\u00e3o \u00e0 Autoridade de Prote\u00e7\u00e3o de Dados.<\/p><h2>9. Detalhes do contato<\/h2><p>Cynthia Montserrat Marquez Reynoso &#8211; SIRET 84441714700015<br \/>\n        29, Avenue de Verdun<br \/>\n92170 &#8211; Vanves<br \/>\n        Fran\u00e7a<br \/>\n        Local na rede Internet: <a href=\"https:\/\/messupernouvelles.com\/pt-br\/\">https:\/\/messupernouvelles.com\/pt-br\/<\/a> <br \/>\n        E-mail: <span class=\"cmplz-obfuscate\">&#105;&#110;fo@<span class=\"cmplz-fmail-domain\">e&#120;.&#099;om<\/span>mes&#115;&#117;pe&#114;&#110;&#111;u&#118;e&#108;le&#115;.c&#111;&#109;<\/span> <br \/>\n        <\/p><h2>10. Solicita\u00e7\u00f5es de Dados<\/h2><p>Para os pedidos mais frequentes, oferecemos-lhe tamb\u00e9m a possibilidade de utilizar o nosso formul\u00e1rio de pedido de dados<br \/>\t\t\t<div class=\"cmplz-datarequest cmplz-alert\">\n\t\t\t\t<span class=\"cmplz-close\">&times;<\/span>\n\t\t\t\t<span id=\"cmplz-message\"><\/span>\n\t\t\t<\/div>\n\t\t\t<form id=\"cmplz-datarequest-form\">\n\t\t\t\t<input type=\"hidden\" required value=\"eu\" name=\"cmplz_datarequest_region\" id=\"cmplz_datarequest_region\" >\n\n\t\t\t\t<label for=\"cmplz_datarequest_firstname\" class=\"cmplz-first-name\">Nome\t\t\t\t\t<input type=\"search\" class=\"datarequest-firstname\" value=\"\" placeholder=\"your first name\" id=\"cmplz_datarequest_firstname\" name=\"cmplz_datarequest_firstname\" >\n\t\t\t\t<\/label>\n\t\t\t\t<div>\n\t\t\t\t\t<label for=\"cmplz_datarequest_name\">Nome<\/label>\n\t\t\t\t\t<input type=\"text\" required value=\"\" placeholder=\"Seu nome\" id=\"cmplz_datarequest_name\" name=\"cmplz_datarequest_name\">\n\t\t\t\t<\/div>\n\t\t\t\t<div>\n\t\t\t\t\t<label for=\"cmplz_datarequest_email\">Email<\/label>\n\t\t\t\t\t<input type=\"email\" required value=\"\" placeholder=\"email@email.com\" id=\"cmplz_datarequest_email\" name=\"cmplz_datarequest_email\">\n\t\t\t\t<\/div>\n\t\t\t\t\t\t\t\t\t\t<div class=\"cmplz_datarequest cmplz_datarequest_request_for_access\">\n\t\t\t\t\t\t\t<label for=\"cmplz_datarequest_request_for_access\">\n\t\t\t\t\t\t\t\t<input type=\"checkbox\" value=\"1\" name=\"cmplz_datarequest_request_for_access\" id=\"cmplz_datarequest_request_for_access\"\/>\n\t\t\t\t\t\t\t\tEnvie uma solicita\u00e7\u00e3o de acesso aos dados que processamos sobre voc\u00ea.\t\t\t\t\t\t\t<\/label>\n\t\t\t\t\t\t<\/div>\n\t\t\t\t\t\t\t\t\t\t<div class=\"cmplz_datarequest cmplz_datarequest_right_to_be_forgotten\">\n\t\t\t\t\t\t\t<label for=\"cmplz_datarequest_right_to_be_forgotten\">\n\t\t\t\t\t\t\t\t<input type=\"checkbox\" value=\"1\" name=\"cmplz_datarequest_right_to_be_forgotten\" id=\"cmplz_datarequest_right_to_be_forgotten\"\/>\n\t\t\t\t\t\t\t\tEnvie uma solicita\u00e7\u00e3o de exclus\u00e3o dos dados se eles n\u00e3o forem mais relevantes.\t\t\t\t\t\t\t<\/label>\n\t\t\t\t\t\t<\/div>\n\t\t\t\t\t\t\t\t\t\t<div class=\"cmplz_datarequest cmplz_datarequest_right_to_data_portability\">\n\t\t\t\t\t\t\t<label for=\"cmplz_datarequest_right_to_data_portability\">\n\t\t\t\t\t\t\t\t<input type=\"checkbox\" value=\"1\" name=\"cmplz_datarequest_right_to_data_portability\" id=\"cmplz_datarequest_right_to_data_portability\"\/>\n\t\t\t\t\t\t\t\tEnvie uma solicita\u00e7\u00e3o para receber um arquivo de exporta\u00e7\u00e3o dos dados que processamos sobre voc\u00ea.\t\t\t\t\t\t\t<\/label>\n\t\t\t\t\t\t<\/div>\n\t\t\t\t\t\t\t\t<input type=\"button\" id=\"cmplz-datarequest-submit\"  value=\"Enviar\">\n\t\t\t<\/form>\n\n\t\t\t<style>\n\t\t\t\t\/* first-name is honeypot *\/\n\t\t\t\t.cmplz-first-name {\n\t\t\t\t\tposition: absolute !important;\n\t\t\t\t\tleft: -5000px !important;\n\t\t\t\t}\n\t\t\t<\/style>\n\t\t\t<\/p><h2>Anexo<\/h2><p><h3>WPML<\/h3>\nO WPML usa cookies para identificar o idioma atual do visitante, o \u00faltimo idioma visitado e o idioma dos usu\u00e1rios que fizeram login.\n\nEnquanto voc\u00ea usa o plug-in, o WPML compartilhar\u00e1 dados sobre o site por meio do instalador. Nenhum dado do pr\u00f3prio usu\u00e1rio ser\u00e1 compartilhado.\n<h3>Tradu\u00e7\u00e3o de m\u00eddia WPML<\/h3>\nA WPML Media Translation enviar\u00e1 o endere\u00e7o de e-mail e o nome de cada gerente e tradutor designado, bem como o pr\u00f3prio conte\u00fado ao Advanced Translation Editor e aos servi\u00e7os de tradu\u00e7\u00e3o usados.\n<h3>Gerenciamento de tradu\u00e7\u00e3o WPML<\/h3>\nO WPML Translation Management enviar\u00e1 o endere\u00e7o de e-mail e o nome de cada gerente e tradutor designado, bem como o pr\u00f3prio conte\u00fado ao Advanced Translation Editor e aos servi\u00e7os de tradu\u00e7\u00e3o usados.\n<h3>Tradu\u00e7\u00e3o de strings do WPML<\/h3>\nO WPML String Translation enviar\u00e1 todas as strings para o Editor de tradu\u00e7\u00e3o avan\u00e7ado do WPML e para os servi\u00e7os de tradu\u00e7\u00e3o usados.\n<h3>Estat\u00edsticas de explos\u00e3o<\/h3>\nEste site usa o Burst Statistics, uma ferramenta de estat\u00edsticas amig\u00e1vel \u00e0 privacidade para analisar o comportamento do visitante. Para esta funcionalidade, n\u00f3s (este site) coletamos dados an\u00f4nimos, armazenados localmente sem compartilh\u00e1-los com outras partes. Para obter mais informa\u00e7\u00f5es, leia a <a href=\"https:\/\/burst-statistics.com\/legal\/privacy-statement\/\" target=\"_blank\" rel=\"noopener\"> Declara\u00e7\u00e3o de privacidade <\/a> da Burst.\n<h3>SSL realmente simples<\/h3>\nOs complementos Really Simple SSL e Really Simple SSL n\u00e3o processam nenhuma informa\u00e7\u00e3o de identifica\u00e7\u00e3o pessoal, portanto, o GDPR n\u00e3o se aplica a esses plug-ins ou ao uso desses plug-ins em seu site. Voc\u00ea pode encontrar nossa pol\u00edtica de privacidade <a href=\"https:\/\/really-simple-ssl.com\/privacy-statement\/\" target=\"_blank\" rel=\"noopener\">aqui<\/a>.\n<h3>Compliance | A su\u00edte de privacidade para WordPress<\/h3>\nEste site usa o Privacy Suite for WordPress da Complianz para coletar e registrar o consentimento baseado em navegador e dispositivo. Para essa funcionalidade, seu endere\u00e7o IP \u00e9 anonimizado e armazenado em nosso banco de dados. Este servi\u00e7o n\u00e3o processa nenhuma informa\u00e7\u00e3o de identifica\u00e7\u00e3o pessoal e n\u00e3o compartilha nenhum dado com o provedor de servi\u00e7os. Para obter mais informa\u00e7\u00f5es, consulte a <a href=\"https:\/\/complianz.io\/legal\/privacy-statement\/\">Declara\u00e7\u00e3o de privacidade<\/a> da Complianz.\n<h3>WPML<\/h3>\nO WPML usa cookies para identificar o idioma atual do visitante, o \u00faltimo idioma visitado e o idioma dos usu\u00e1rios que fizeram login.\n\nEnquanto voc\u00ea usa o plug-in, o WPML compartilhar\u00e1 dados sobre o site por meio do instalador. Nenhum dado do pr\u00f3prio usu\u00e1rio ser\u00e1 compartilhado.\n<h3>Tradu\u00e7\u00e3o de m\u00eddia WPML<\/h3>\nA WPML Media Translation enviar\u00e1 o endere\u00e7o de e-mail e o nome de cada gerente e tradutor designado, bem como o pr\u00f3prio conte\u00fado ao Advanced Translation Editor e aos servi\u00e7os de tradu\u00e7\u00e3o usados.\n<h3>Gerenciamento de tradu\u00e7\u00e3o WPML<\/h3>\nO WPML Translation Management enviar\u00e1 o endere\u00e7o de e-mail e o nome de cada gerente e tradutor designado, bem como o pr\u00f3prio conte\u00fado ao Advanced Translation Editor e aos servi\u00e7os de tradu\u00e7\u00e3o usados.\n<h3>Tradu\u00e7\u00e3o de strings do WPML<\/h3>\nO WPML String Translation enviar\u00e1 todas as strings para o Editor de tradu\u00e7\u00e3o avan\u00e7ado do WPML e para os servi\u00e7os de tradu\u00e7\u00e3o usados.\n<h3>Estat\u00edsticas de explos\u00e3o<\/h3>\nEste site usa o Burst Statistics, uma ferramenta de estat\u00edsticas amig\u00e1vel \u00e0 privacidade para analisar o comportamento do visitante. Para esta funcionalidade, n\u00f3s (este site) coletamos dados an\u00f4nimos, armazenados localmente sem compartilh\u00e1-los com outras partes. Para obter mais informa\u00e7\u00f5es, leia a <a href=\"https:\/\/burst-statistics.com\/legal\/privacy-statement\/\" target=\"_blank\" rel=\"noopener\"> Declara\u00e7\u00e3o de privacidade <\/a> da Burst.\n<h3>SSL realmente simples<\/h3>\nOs complementos Really Simple SSL e Really Simple SSL n\u00e3o processam nenhuma informa\u00e7\u00e3o de identifica\u00e7\u00e3o pessoal, portanto, o GDPR n\u00e3o se aplica a esses plug-ins ou ao uso desses plug-ins em seu site. Voc\u00ea pode encontrar nossa pol\u00edtica de privacidade <a href=\"https:\/\/really-simple-ssl.com\/privacy-statement\/\" target=\"_blank\" rel=\"noopener\">aqui<\/a>.\n<h3>Compliance | A su\u00edte de privacidade para WordPress<\/h3>\nEste site usa o Privacy Suite for WordPress da Complianz para coletar registros de consentimento. Para esta funcionalidade, seu endere\u00e7o IP \u00e9 anonimizado e armazenado em nosso banco de dados. Para obter mais informa\u00e7\u00f5es, consulte a <a href=\"https:\/\/complianz.io\/privacy-statement\/\" target=\"_blank\" rel=\"noopener\">Declara\u00e7\u00e3o de privacidade<\/a> da Complianz.\n<h3>WPML<\/h3>\nO WPML usa cookies para identificar o idioma atual do visitante, o \u00faltimo idioma acessado e o idioma dos usu\u00e1rios que fizeram login.\n\nEnquanto usa o plugin, o WPML compartilhar\u00e1 dados sobre o site atrav\u00e9s do instalador. Nenhum dado do usu\u00e1rio em si ser\u00e1 compartilhado.\n<h3>Tradu\u00e7\u00e3o de m\u00eddia WPML<\/h3>\nO WPML Media Translation enviar\u00e1 o endere\u00e7o de e-mail e o nome de cada gerente e tradutor designado bem como o pr\u00f3prio conte\u00fado ao Advanced Translation Editor e aos servi\u00e7os de tradu\u00e7\u00e3o usados.\n<h3>Gerenciamento de tradu\u00e7\u00e3o WPML<\/h3>\nO WPML Translation Management enviar\u00e1 o endere\u00e7o de e-mail e o nome de cada gerente e tradutor designado bem como o pr\u00f3prio conte\u00fado ao Advanced Translation Editor e aos servi\u00e7os de tradu\u00e7\u00e3o usados.\n<h3>WPML String Translation<\/h3>\nO WPML String Translation enviar\u00e1 todas as strings para o WPML Advanced Translation Editor e para os servi\u00e7os de tradu\u00e7\u00e3o usados.\n<h3>Burst Statistics<\/h3>\nThis website uses Burst Statistics, a Privacy-Friendly Statistics Tool to analyze visitor behavior. For this functionality we (this website) collect anonymized data, stored locally without sharing it with other parties. For more information, please read the <a href=\"https:\/\/burst-statistics.com\/legal\/privacy-statement\/\" target=\"_blank\" rel=\"noopener\"> Privacy Statement <\/a> from Burst.\n<h3>Really Simple SSL<\/h3>\nReally Simple SSL e seus complementos n\u00e3o processam qualquer informa\u00e7\u00e3o pessoal, portanto, o GDPR n\u00e3o se aplica a estes plugins ou uso desses plugins em seu site. Voc\u00ea pode encontrar nossa pol\u00edtica de privacidade <a href=\"https:\/\/really-simple-ssl.com\/privacy-statement\/\" target=\"_blank\" rel=\"noopener\">aqui<\/a>.\n<h3>Complianz | The Privacy Suite for WordPress<\/h3>\nEste site usa o Privacy Suite for WordPress do Complianz para coletar registros de consentimento.\u00a0Para esta funcionalidade, seu endere\u00e7o IP \u00e9 anonimizado e armazenado em nosso banco de dados.\u00a0Para mais informa\u00e7\u00f5es, consulte a <a href=\"https:\/\/complianz.io\/privacy-statement\/\" target=\"_blank\" rel=\"noopener\">Declara\u00e7\u00e3o de Privacidade<\/a> do Complianz.<\/p><\/div>","protected":false},"excerpt":{"rendered":"","protected":false},"author":1,"featured_media":0,"parent":0,"menu_order":0,"comment_status":"closed","ping_status":"closed","template":"","meta":{"MSN_Categories":"Uncategorized","MSN_Publish_Option":false,"MSN_Is_Local_News":false,"MSN_Is_AIAC_Included":"Empty","MSN_Location":"[]","MSN_Add_Feature_Img_On_Top_Of_Post":false,"MSN_Has_Custom_Author":false,"MSN_Custom_Author":"","MSN_Has_Custom_Canonical_Url":false,"MSN_Custom_Canonical_Url":"","footnotes":""},"class_list":["post-8920","page","type-page","status-publish","hentry"],"_links":{"self":[{"href":"https:\/\/messupernouvelles.com\/pt-br\/wp-json\/wp\/v2\/pages\/8920","targetHints":{"allow":["GET"]}}],"collection":[{"href":"https:\/\/messupernouvelles.com\/pt-br\/wp-json\/wp\/v2\/pages"}],"about":[{"href":"https:\/\/messupernouvelles.com\/pt-br\/wp-json\/wp\/v2\/types\/page"}],"author":[{"embeddable":true,"href":"https:\/\/messupernouvelles.com\/pt-br\/wp-json\/wp\/v2\/users\/1"}],"replies":[{"embeddable":true,"href":"https:\/\/messupernouvelles.com\/pt-br\/wp-json\/wp\/v2\/comments?post=8920"}],"version-history":[{"count":2,"href":"https:\/\/messupernouvelles.com\/pt-br\/wp-json\/wp\/v2\/pages\/8920\/revisions"}],"predecessor-version":[{"id":9161,"href":"https:\/\/messupernouvelles.com\/pt-br\/wp-json\/wp\/v2\/pages\/8920\/revisions\/9161"}],"wp:attachment":[{"href":"https:\/\/messupernouvelles.com\/pt-br\/wp-json\/wp\/v2\/media?parent=8920"}],"curies":[{"name":"wp","href":"https:\/\/api.w.org\/{rel}","templated":true}]}}